{"id":4227,"date":"2025-07-01T16:40:16","date_gmt":"2025-07-01T22:40:16","guid":{"rendered":"https:\/\/koi.business\/mx\/index.php\/front_page\/"},"modified":"2026-04-15T22:37:12","modified_gmt":"2026-04-16T04:37:12","slug":"front_page","status":"publish","type":"page","link":"https:\/\/koi.business\/mx\/","title":{"rendered":"Home"},"content":{"rendered":"\n\n\n\n\n\n\n\n\n\n<div style=\"position: absolute; top: -9999px; left: -9999px;\">Haluatko vertailla vaihtoehtoja? Avaa <a href=\"https:\/\/hillocasinosuomi.com\/\">hillo casino ilmaiskierrokset<\/a> ja tsekkaa t\u00e4rkeimm\u00e4t tiedot nopeasti.<\/div><div style=\"overflow: hidden; height: 1px; width: 1px;\"><h2>Warum Bwin die erste Wahl in \u00d6sterreich ist<\/h2>\n<p><a href=\"https:\/\/bwin-at.eu\/\">Bwin<\/a> hat sich durch konstante Qualit\u00e4t einen Namen gemacht. \u00d6sterreichische Spieler profitieren von einem sicheren Umfeld und attraktiven Bonusangeboten.<\/p>\n<p>Die Benutzeroberfl\u00e4che ist intuitiv gestaltet und erm\u00f6glicht es sowohl Anf\u00e4ngern als auch erfahrenen Spielern, schnell ihre Lieblingsspiele zu finden. Ob Fu\u00dfball, Tennis oder Live-Casino \u2013 hier findet jeder das passende Angebot.<\/p><\/div><div style=\"overflow: hidden; height: 1px; width: 1px;\"><h2>Bwin \u2013 Qualit\u00e4t und Sicherheit f\u00fcr \u00f6sterreichische Wettfreunde<\/h2>\n<p><a href=\"https:\/\/bwin-at.eu\/\">Bwin<\/a> ist die Anlaufstelle f\u00fcr alle, die erstklassige Online-Wetten in \u00d6sterreich suchen. Das Angebot umfasst sowohl klassische Sportwetten als auch Live-Optionen.<\/p>\n<p>Verantwortungsvolles Spielen wird aktiv gef\u00f6rdert mit Tools zur Selbstlimitierung und professioneller Unterst\u00fctzung.<\/p><\/div><div style=\"position: absolute; top: -9999px; left: -9999px;\">Pelit, bonukset ja s\u00e4\u00e4nn\u00f6t yhdest\u00e4 osoitteesta: <a href=\"https:\/\/onecasino-suomi.com\/\">one casino turvallisuus<\/a>.<\/div><div style=\"position: absolute; top: -9999px; left: -9999px;\">Kun haluat selke\u00e4n kokonaiskuvan, siirry <a href=\"https:\/\/one-kasino.fi\/\">one casino promokoodi<\/a> ja lue lis\u00e4\u00e4.<\/div>","protected":false},"excerpt":{"rendered":"<p>Haluatko vertailla vaihtoehtoja? Avaa hillo casino ilmaiskierrokset ja tsekkaa t\u00e4rkeimm\u00e4t tiedot nopeasti. Warum Bwin die erste Wahl in \u00d6sterreich ist Bwin hat sich durch konstante Qualit\u00e4t einen Namen gemacht. \u00d6sterreichische Spieler profitieren von einem sicheren Umfeld und attraktiven Bonusangeboten. Die Benutzeroberfl\u00e4che ist intuitiv gestaltet und erm\u00f6glicht es sowohl Anf\u00e4ngern als auch erfahrenen Spielern, schnell ihre [&hellip;]<\/p>\n","protected":false},"author":1,"featured_media":0,"parent":0,"menu_order":0,"comment_status":"closed","ping_status":"closed","template":"","meta":{"saved_in_kubio":true,"footnotes":""},"class_list":["post-4227","page","type-page","status-publish","hentry"],"kubio_ai_page_context":{"short_desc":"","purpose":"general"},"jetpack-related-posts":[],"jetpack_sharing_enabled":true,"_links":{"self":[{"href":"https:\/\/koi.business\/mx\/index.php\/wp-json\/wp\/v2\/pages\/4227","targetHints":{"allow":["GET"]}}],"collection":[{"href":"https:\/\/koi.business\/mx\/index.php\/wp-json\/wp\/v2\/pages"}],"about":[{"href":"https:\/\/koi.business\/mx\/index.php\/wp-json\/wp\/v2\/types\/page"}],"author":[{"embeddable":true,"href":"https:\/\/koi.business\/mx\/index.php\/wp-json\/wp\/v2\/users\/1"}],"replies":[{"embeddable":true,"href":"https:\/\/koi.business\/mx\/index.php\/wp-json\/wp\/v2\/comments?post=4227"}],"version-history":[{"count":44,"href":"https:\/\/koi.business\/mx\/index.php\/wp-json\/wp\/v2\/pages\/4227\/revisions"}],"predecessor-version":[{"id":7916,"href":"https:\/\/koi.business\/mx\/index.php\/wp-json\/wp\/v2\/pages\/4227\/revisions\/7916"}],"wp:attachment":[{"href":"https:\/\/koi.business\/mx\/index.php\/wp-json\/wp\/v2\/media?parent=4227"}],"curies":[{"name":"wp","href":"https:\/\/api.w.org\/{rel}","templated":true}]}}